{"id":133,"date":"2022-12-19T23:00:28","date_gmt":"2022-12-19T23:00:28","guid":{"rendered":"https:\/\/e-connect.mx\/?page_id=133"},"modified":"2025-04-05T20:42:15","modified_gmt":"2025-04-05T20:42:15","slug":"construccion-de-cableado-estructurado","status":"publish","type":"page","link":"https:\/\/e-connect.mx\/index.php\/construccion-de-cableado-estructurado\/","title":{"rendered":"Infraestructura de Red"},"content":{"rendered":"\n<div class=\"wp-block-media-text is-stacked-on-mobile has-white-background-color has-text-color has-background\" style=\"color:#1b3882;grid-template-columns:49% auto\"><figure class=\"wp-block-media-text__media\"><img loading=\"lazy\" decoding=\"async\" width=\"768\" height=\"1024\" src=\"https:\/\/e-connect.mx\/wp-content\/uploads\/2023\/11\/WhatsApp-Image-2023-10-25-at-13.50.59-768x1024.jpeg\" alt=\"\" class=\"wp-image-341 size-large\" srcset=\"https:\/\/e-connect.mx\/wp-content\/uploads\/2023\/11\/WhatsApp-Image-2023-10-25-at-13.50.59-768x1024.jpeg 768w, https:\/\/e-connect.mx\/wp-content\/uploads\/2023\/11\/WhatsApp-Image-2023-10-25-at-13.50.59-225x300.jpeg 225w, https:\/\/e-connect.mx\/wp-content\/uploads\/2023\/11\/WhatsApp-Image-2023-10-25-at-13.50.59-1152x1536.jpeg 1152w, https:\/\/e-connect.mx\/wp-content\/uploads\/2023\/11\/WhatsApp-Image-2023-10-25-at-13.50.59.jpeg 1200w\" sizes=\"auto, (max-width: 768px) 100vw, 768px\" \/><\/figure><div class=\"wp-block-media-text__content\">\n<p><strong>El cableado estructurado es la infraestructura f\u00edsica medular que facilita la conexi\u00f3n entre los diferentes sistemas de voz, datos, audio, video y televisi\u00f3n<\/strong><\/p>\n\n\n\n<p><em>Mediciones TIER1. para jumpers UTP, S\/FTP, CAT 5e, 6 y 6A Incluye: Equipo Certifier 10G (calibracion Vigente) Class D, E y EA Copper Kit. Las pruebas consideradas son las siguientes: *L\u00edmites de prueba. *Longitud, retardo, resistencia y p\u00e9rdida de inserci\u00f3n. *Diafon\u00eda de extremo cercano (NEXT) *P\u00e9rdida por retorno. *Estimaci\u00f3n de longitud.*Mapa de cableado. *Gr\u00e1fico de p\u00e9rdida de inserci\u00f3n. *NEXT gr\u00e1fico. *Gr\u00e1fico RL.<\/em><\/p>\n<\/div><\/div>\n\n\n\n<div class=\"wp-block-media-text has-media-on-the-right is-stacked-on-mobile has-white-background-color has-text-color has-background\" style=\"color:#1b3882;grid-template-columns:auto 48%\"><div class=\"wp-block-media-text__content\">\n<p class=\"has-text-align-right\"><strong>Para nuestros clientes esta infraestructura puede representar hasta el 10% de la inversi\u00f3n total de una soluci\u00f3n tecnol\u00f3gica completa, sin embargo; una incorrecta implementaci\u00f3n puede causar hasta el 75% de las fallas en el servicio<\/strong><\/p>\n<\/div><figure class=\"wp-block-media-text__media\"><img loading=\"lazy\" decoding=\"async\" width=\"1024\" height=\"770\" src=\"https:\/\/e-connect.mx\/wp-content\/uploads\/2023\/11\/WhatsApp-Image-2023-10-25-at-12.11.50-1024x770.jpeg\" alt=\"\" class=\"wp-image-343 size-large\" srcset=\"https:\/\/e-connect.mx\/wp-content\/uploads\/2023\/11\/WhatsApp-Image-2023-10-25-at-12.11.50-1024x770.jpeg 1024w, https:\/\/e-connect.mx\/wp-content\/uploads\/2023\/11\/WhatsApp-Image-2023-10-25-at-12.11.50-300x226.jpeg 300w, https:\/\/e-connect.mx\/wp-content\/uploads\/2023\/11\/WhatsApp-Image-2023-10-25-at-12.11.50-768x578.jpeg 768w, https:\/\/e-connect.mx\/wp-content\/uploads\/2023\/11\/WhatsApp-Image-2023-10-25-at-12.11.50.jpeg 1280w\" sizes=\"auto, (max-width: 1024px) 100vw, 1024px\" \/><\/figure><\/div>\n\n\n\n<div class=\"wp-block-media-text is-stacked-on-mobile has-white-background-color has-text-color has-background\" style=\"color:#1b3882;grid-template-columns:46% auto\"><figure class=\"wp-block-media-text__media\"><img loading=\"lazy\" decoding=\"async\" width=\"1024\" height=\"768\" src=\"https:\/\/e-connect.mx\/wp-content\/uploads\/2022\/12\/cable1-1024x768.jpg\" alt=\"\" class=\"wp-image-135 size-large\" srcset=\"https:\/\/e-connect.mx\/wp-content\/uploads\/2022\/12\/cable1-1024x768.jpg 1024w, https:\/\/e-connect.mx\/wp-content\/uploads\/2022\/12\/cable1-300x225.jpg 300w, https:\/\/e-connect.mx\/wp-content\/uploads\/2022\/12\/cable1-768x576.jpg 768w, https:\/\/e-connect.mx\/wp-content\/uploads\/2022\/12\/cable1-1536x1152.jpg 1536w, https:\/\/e-connect.mx\/wp-content\/uploads\/2022\/12\/cable1.jpg 1600w\" sizes=\"auto, (max-width: 1024px) 100vw, 1024px\" \/><\/figure><div class=\"wp-block-media-text__content\">\n<p><strong>Con base en lo anterior ofrecemos a nuestros clientes soluciones de cableado optimizadas y definidas conforme a sus necesidades<\/strong> <strong>corporativas, industriales o pymes.<\/strong><\/p>\n<\/div><\/div>\n\n\n\n<div class=\"wp-block-media-text has-media-on-the-right is-stacked-on-mobile has-white-background-color has-text-color has-background\" style=\"color:#1b3882;grid-template-columns:auto 42%\"><div class=\"wp-block-media-text__content\">\n<p class=\"has-text-align-left\"><strong>Nuestro Diferenciador: <\/strong><\/p>\n\n\n\n<p class=\"has-text-align-right\"><strong>El compromiso para cumplir con sus expectativas y resultados esperados<\/strong><\/p>\n<\/div><figure class=\"wp-block-media-text__media\"><img loading=\"lazy\" decoding=\"async\" width=\"601\" height=\"600\" src=\"https:\/\/e-connect.mx\/wp-content\/uploads\/2022\/12\/empalmadora.jpg\" alt=\"\" class=\"wp-image-137 size-large\" srcset=\"https:\/\/e-connect.mx\/wp-content\/uploads\/2022\/12\/empalmadora.jpg 601w, https:\/\/e-connect.mx\/wp-content\/uploads\/2022\/12\/empalmadora-300x300.jpg 300w, https:\/\/e-connect.mx\/wp-content\/uploads\/2022\/12\/empalmadora-150x150.jpg 150w\" sizes=\"auto, (max-width: 601px) 100vw, 601px\" \/><\/figure><\/div>\n\n\n\n<p><\/p>\n\n\n\n<p>Soluciones:<\/p>\n\n\n<div class=\"wp-block-image\">\n<figure class=\"aligncenter size-large is-resized\"><a href=\"https:\/\/e-connect.mx\/index.php\/contacto1\/\"><img loading=\"lazy\" decoding=\"async\" width=\"1024\" height=\"114\" src=\"https:\/\/e-connect.mx\/wp-content\/uploads\/2022\/12\/panduit-1024x114.png\" alt=\"\" class=\"wp-image-156\" style=\"width:560px;height:62px\" srcset=\"https:\/\/e-connect.mx\/wp-content\/uploads\/2022\/12\/panduit-1024x114.png 1024w, https:\/\/e-connect.mx\/wp-content\/uploads\/2022\/12\/panduit-300x33.png 300w, https:\/\/e-connect.mx\/wp-content\/uploads\/2022\/12\/panduit-768x85.png 768w, https:\/\/e-connect.mx\/wp-content\/uploads\/2022\/12\/panduit.png 1233w\" sizes=\"auto, (max-width: 1024px) 100vw, 1024px\" \/><\/a><\/figure>\n<\/div>","protected":false},"excerpt":{"rendered":"<p>El cableado estructurado es la infraestructura f\u00edsica medular que facilita la conexi\u00f3n entre los diferentes sistemas de voz, datos, audio, video y televisi\u00f3n Mediciones TIER1. para jumpers UTP, S\/FTP, CAT 5e, 6 y 6A Incluye: Equipo Certifier 10G (calibracion Vigente) Class D, E y EA Copper Kit. Las pruebas consideradas son las siguientes: *L\u00edmites de [&hellip;]<\/p>\n","protected":false},"author":1,"featured_media":0,"parent":0,"menu_order":0,"comment_status":"closed","ping_status":"closed","template":"","meta":{"om_disable_all_campaigns":false,"_mi_skip_tracking":false,"footnotes":""},"class_list":["post-133","page","type-page","status-publish","hentry"],"aioseo_notices":[],"_links":{"self":[{"href":"https:\/\/e-connect.mx\/index.php\/wp-json\/wp\/v2\/pages\/133","targetHints":{"allow":["GET"]}}],"collection":[{"href":"https:\/\/e-connect.mx\/index.php\/wp-json\/wp\/v2\/pages"}],"about":[{"href":"https:\/\/e-connect.mx\/index.php\/wp-json\/wp\/v2\/types\/page"}],"author":[{"embeddable":true,"href":"https:\/\/e-connect.mx\/index.php\/wp-json\/wp\/v2\/users\/1"}],"replies":[{"embeddable":true,"href":"https:\/\/e-connect.mx\/index.php\/wp-json\/wp\/v2\/comments?post=133"}],"version-history":[{"count":34,"href":"https:\/\/e-connect.mx\/index.php\/wp-json\/wp\/v2\/pages\/133\/revisions"}],"predecessor-version":[{"id":381,"href":"https:\/\/e-connect.mx\/index.php\/wp-json\/wp\/v2\/pages\/133\/revisions\/381"}],"wp:attachment":[{"href":"https:\/\/e-connect.mx\/index.php\/wp-json\/wp\/v2\/media?parent=133"}],"curies":[{"name":"wp","href":"https:\/\/api.w.org\/{rel}","templated":true}]}}