{"id":175,"date":"2022-12-20T04:24:30","date_gmt":"2022-12-20T04:24:30","guid":{"rendered":"https:\/\/e-connect.mx\/?page_id=175"},"modified":"2023-02-02T02:25:51","modified_gmt":"2023-02-02T02:25:51","slug":"redes-wifi","status":"publish","type":"page","link":"https:\/\/e-connect.mx\/index.php\/redes-wifi\/","title":{"rendered":"Redes WiFi estables y seguras"},"content":{"rendered":"\n<div class=\"wp-block-media-text alignwide has-media-on-the-right is-stacked-on-mobile\" style=\"grid-template-columns:auto 47%\"><div class=\"wp-block-media-text__content\">\n<p><strong>Planificamos e implementamos redes WiFi seguras, estables, funcionales y de alto rendimiento.<\/strong><\/p>\n\n\n\n<p>Consideramos sus necesidades presentes y futuras, recabamos informaci\u00f3n crucial para estimar la capacidad, la densidad y cobertura por mencionar algunos.<\/p>\n<\/div><figure class=\"wp-block-media-text__media\"><img loading=\"lazy\" decoding=\"async\" width=\"888\" height=\"564\" src=\"https:\/\/e-connect.mx\/wp-content\/uploads\/2022\/12\/dencity.jpg\" alt=\"\" class=\"wp-image-177 size-full\" srcset=\"https:\/\/e-connect.mx\/wp-content\/uploads\/2022\/12\/dencity.jpg 888w, https:\/\/e-connect.mx\/wp-content\/uploads\/2022\/12\/dencity-300x191.jpg 300w, https:\/\/e-connect.mx\/wp-content\/uploads\/2022\/12\/dencity-768x488.jpg 768w\" sizes=\"auto, (max-width: 888px) 100vw, 888px\" \/><\/figure><\/div>\n\n\n\n<p class=\"has-text-align-right\"><strong>Analizamos sus requerimientos<\/strong>:<\/p>\n\n\n\n<div class=\"wp-block-media-text alignwide is-stacked-on-mobile\" style=\"grid-template-columns:48% auto\"><figure class=\"wp-block-media-text__media\"><img loading=\"lazy\" decoding=\"async\" width=\"775\" height=\"805\" src=\"https:\/\/e-connect.mx\/wp-content\/uploads\/2022\/12\/acrylic.jpg\" alt=\"\" class=\"wp-image-178 size-full\" srcset=\"https:\/\/e-connect.mx\/wp-content\/uploads\/2022\/12\/acrylic.jpg 775w, https:\/\/e-connect.mx\/wp-content\/uploads\/2022\/12\/acrylic-289x300.jpg 289w, https:\/\/e-connect.mx\/wp-content\/uploads\/2022\/12\/acrylic-768x798.jpg 768w\" sizes=\"auto, (max-width: 775px) 100vw, 775px\" \/><\/figure><div class=\"wp-block-media-text__content\">\n<ul class=\"wp-block-list\">\n<li>N\u00famero total de usuarios corporativos y\/o invitados?<\/li>\n\n\n\n<li>Densidad de usuarios por \u00e1rea o piso<\/li>\n\n\n\n<li>Los requerimientos de ancho de banda de los usuarios para compartir archivos, Navegaci\u00f3n web, video, streaming, VoIP<\/li>\n\n\n\n<li>Las necesidades de alguna aplicaci\u00f3n en especifico<\/li>\n\n\n\n<li>Crecimiento de WLAN (\u00e1rea\/ancho de banda\/n\u00famero de usuarios? 1\/3\/5+ a\u00f1os?)<\/li>\n\n\n\n<li>Seguridad (abierto\/personal\/empresa? Contrase\u00f1a\/hotspot? Certificados SSL?)<\/li>\n\n\n\n<li>\u00c1reas de cobertura (habitaci\u00f3n\/edificio\/campus\/industrial?)<\/li>\n\n\n\n<li>Densidad (escasa\/aglomerada? AP\/estaciones? (\u00bfN\u00famero de dispositivos por usuario?)<\/li>\n\n\n\n<li>Tipos de UAPs (regular\/de largo alcance? Single\/dual-band?)<\/li>\n\n\n\n<li>Tipos de antenas (interno\/externo? Bajo\/alto-ganancia?)<\/li>\n\n\n\n<li>Ubicaci\u00f3n f\u00edsica (urbano\/rural? Interior\/exterior?)<\/li>\n\n\n\n<li>Definir la Banda \u00bf2,4 GHz o 5 GHz?<\/li>\n<\/ul>\n<\/div><\/div>\n\n\n\n<div class=\"wp-block-media-text alignwide has-media-on-the-right is-stacked-on-mobile\" style=\"grid-template-columns:auto 49%\"><div class=\"wp-block-media-text__content\">\n<p>Realizamos inspecciones detalladas del sitio, ya que son fundamentales en el despliegue de la red inal\u00e1mbrica, los resultados de la inspecci\u00f3n nos ayudan a tomar muchas de las decisiones m\u00e1s importantes en el despliegue, como el tipo de APs, la selecci\u00f3n de frecuencia, la ubicaci\u00f3n, el montaje y la asignaci\u00f3n de canal. <\/p>\n\n\n\n<p>Durante y despu\u00e9s de la instalaci\u00f3n ser\u00e1n realizados los ajustes de software y hardware basados en los resultados y pruebas reales hasta que se alcance el rendimiento deseado.<\/p>\n<\/div><figure class=\"wp-block-media-text__media\"><img loading=\"lazy\" decoding=\"async\" width=\"705\" height=\"463\" src=\"https:\/\/e-connect.mx\/wp-content\/uploads\/2022\/12\/consola.jpg\" alt=\"\" class=\"wp-image-215 size-full\" srcset=\"https:\/\/e-connect.mx\/wp-content\/uploads\/2022\/12\/consola.jpg 705w, https:\/\/e-connect.mx\/wp-content\/uploads\/2022\/12\/consola-300x197.jpg 300w\" sizes=\"auto, (max-width: 705px) 100vw, 705px\" \/><\/figure><\/div>\n\n\n\n<p>Certificaciones:<\/p>\n\n\n<div class=\"wp-block-image\">\n<figure class=\"aligncenter size-full is-resized\"><img loading=\"lazy\" decoding=\"async\" src=\"https:\/\/e-connect.mx\/wp-content\/uploads\/2022\/12\/unifi-cert.png\" alt=\"\" class=\"wp-image-184\" width=\"293\" height=\"105\" srcset=\"https:\/\/e-connect.mx\/wp-content\/uploads\/2022\/12\/unifi-cert.png 494w, https:\/\/e-connect.mx\/wp-content\/uploads\/2022\/12\/unifi-cert-300x107.png 300w\" sizes=\"auto, (max-width: 293px) 100vw, 293px\" \/><\/figure>\n<\/div>","protected":false},"excerpt":{"rendered":"<p>Planificamos e implementamos redes WiFi seguras, estables, funcionales y de alto rendimiento. Consideramos sus necesidades presentes y futuras, recabamos informaci\u00f3n crucial para estimar la capacidad, la densidad y cobertura por mencionar algunos. Analizamos sus requerimientos: Realizamos inspecciones detalladas del sitio, ya que son fundamentales en el despliegue de la red inal\u00e1mbrica, los resultados de la [&hellip;]<\/p>\n","protected":false},"author":1,"featured_media":0,"parent":0,"menu_order":0,"comment_status":"closed","ping_status":"closed","template":"","meta":{"om_disable_all_campaigns":false,"_mi_skip_tracking":false,"footnotes":""},"class_list":["post-175","page","type-page","status-publish","hentry"],"aioseo_notices":[],"_links":{"self":[{"href":"https:\/\/e-connect.mx\/index.php\/wp-json\/wp\/v2\/pages\/175","targetHints":{"allow":["GET"]}}],"collection":[{"href":"https:\/\/e-connect.mx\/index.php\/wp-json\/wp\/v2\/pages"}],"about":[{"href":"https:\/\/e-connect.mx\/index.php\/wp-json\/wp\/v2\/types\/page"}],"author":[{"embeddable":true,"href":"https:\/\/e-connect.mx\/index.php\/wp-json\/wp\/v2\/users\/1"}],"replies":[{"embeddable":true,"href":"https:\/\/e-connect.mx\/index.php\/wp-json\/wp\/v2\/comments?post=175"}],"version-history":[{"count":38,"href":"https:\/\/e-connect.mx\/index.php\/wp-json\/wp\/v2\/pages\/175\/revisions"}],"predecessor-version":[{"id":297,"href":"https:\/\/e-connect.mx\/index.php\/wp-json\/wp\/v2\/pages\/175\/revisions\/297"}],"wp:attachment":[{"href":"https:\/\/e-connect.mx\/index.php\/wp-json\/wp\/v2\/media?parent=175"}],"curies":[{"name":"wp","href":"https:\/\/api.w.org\/{rel}","templated":true}]}}