{"id":280,"date":"2023-02-01T23:53:55","date_gmt":"2023-02-01T23:53:55","guid":{"rendered":"https:\/\/e-connect.mx\/?page_id=280"},"modified":"2023-11-12T23:25:40","modified_gmt":"2023-11-12T23:25:40","slug":"video-seguridad-y-control-de-acceso","status":"publish","type":"page","link":"https:\/\/e-connect.mx\/index.php\/video-seguridad-y-control-de-acceso\/","title":{"rendered":"Video Seguridad y Control de Acceso"},"content":{"rendered":"\n<div class=\"wp-block-media-text alignwide is-stacked-on-mobile\" style=\"grid-template-columns:49% auto\"><figure class=\"wp-block-media-text__media\"><img loading=\"lazy\" decoding=\"async\" width=\"900\" height=\"662\" src=\"https:\/\/e-connect.mx\/wp-content\/uploads\/2023\/02\/hik-apart1.png\" alt=\"\" class=\"wp-image-281 size-full\" srcset=\"https:\/\/e-connect.mx\/wp-content\/uploads\/2023\/02\/hik-apart1.png 900w, https:\/\/e-connect.mx\/wp-content\/uploads\/2023\/02\/hik-apart1-300x221.png 300w, https:\/\/e-connect.mx\/wp-content\/uploads\/2023\/02\/hik-apart1-768x565.png 768w\" sizes=\"auto, (max-width: 900px) 100vw, 900px\" \/><\/figure><div class=\"wp-block-media-text__content\">\n<p>La seguridad hoy en d\u00eda es un reto enorme y exigente, muchos de nuestros clientes no solo buscan un sistema de video vigilancia, requieren un concepto de seguridad integral,&nbsp;y en este sentido ofrecemos una experiencia innovadora que incrementa la eficiencia de la gesti\u00f3n para el acceso y la salida de personas o veh\u00edculos en escenarios <strong>Residenciales, Corporativos, Industriales, Educativos y Hoteler\u00eda<\/strong>. El concepto de video seguridad&nbsp;se potencializa por la <strong>IA<\/strong> integrada a estas soluciones tecnol\u00f3gicas, que brindan una soluci\u00f3n excelente a un coste m\u00ednimo con un alto rendimiento y confiabilidad.<\/p>\n\n\n\n<p><\/p>\n<\/div><\/div>\n\n\n\n<div class=\"wp-block-media-text alignwide has-media-on-the-right is-stacked-on-mobile\"><div class=\"wp-block-media-text__content\">\n<p>Gesti\u00f3n para el acceso de personas robusto y flexible, permite autenticar por medio de clave, tarjeta o biom\u00e9trico a residentes, o empleados seg\u00fan el escenario, as\u00ed como un adecuado control de acceso para los visitantes.<\/p>\n<\/div><figure class=\"wp-block-media-text__media\"><img loading=\"lazy\" decoding=\"async\" width=\"512\" height=\"211\" src=\"https:\/\/e-connect.mx\/wp-content\/uploads\/2023\/02\/accesoper1.png\" alt=\"\" class=\"wp-image-285 size-full\" srcset=\"https:\/\/e-connect.mx\/wp-content\/uploads\/2023\/02\/accesoper1.png 512w, https:\/\/e-connect.mx\/wp-content\/uploads\/2023\/02\/accesoper1-300x124.png 300w\" sizes=\"auto, (max-width: 512px) 100vw, 512px\" \/><\/figure><\/div>\n\n\n\n<div class=\"wp-block-media-text alignwide is-stacked-on-mobile\" style=\"grid-template-columns:48% auto\"><figure class=\"wp-block-media-text__media\"><img loading=\"lazy\" decoding=\"async\" width=\"478\" height=\"491\" src=\"https:\/\/e-connect.mx\/wp-content\/uploads\/2023\/02\/esvehic1.png\" alt=\"\" class=\"wp-image-286 size-full\" srcset=\"https:\/\/e-connect.mx\/wp-content\/uploads\/2023\/02\/esvehic1.png 478w, https:\/\/e-connect.mx\/wp-content\/uploads\/2023\/02\/esvehic1-292x300.png 292w\" sizes=\"auto, (max-width: 478px) 100vw, 478px\" \/><\/figure><div class=\"wp-block-media-text__content\">\n<p>Gesti\u00f3n de acceso vehicular que permite personalizar reglas para autorizar paso de forma discreta a veh\u00edculos autorizados y no autorizados. Los veh\u00edculos temporales pueden llamar al centro de gesti\u00f3n mediante el videoportero y obtener el permiso que necesiten.<\/p>\n<\/div><\/div>\n\n\n\n<div class=\"wp-block-media-text alignwide has-media-on-the-right is-stacked-on-mobile is-vertically-aligned-center\" style=\"grid-template-columns:auto 34%\"><div class=\"wp-block-media-text__content\">\n<p><strong>SISTEMA DE SEGURIDAD UNIFICADO <\/strong><\/p>\n\n\n\n<p>La soluci\u00f3n completa puede conectarse de forma interactiva para crear una arquitectura realmente unificada que mejorar\u00e1 su eficiencia operativa. <\/p>\n\n\n\n<p>Comente sus requerimientos y nosotros le ayudaremos a seleccionar la mejor alternativa para usted.<\/p>\n<\/div><figure class=\"wp-block-media-text__media\"><img loading=\"lazy\" decoding=\"async\" width=\"768\" height=\"1024\" src=\"https:\/\/e-connect.mx\/wp-content\/uploads\/2023\/11\/WhatsApp-Image-2023-07-24-at-18.02.44-768x1024.jpeg\" alt=\"\" class=\"wp-image-345 size-full\" srcset=\"https:\/\/e-connect.mx\/wp-content\/uploads\/2023\/11\/WhatsApp-Image-2023-07-24-at-18.02.44-768x1024.jpeg 768w, https:\/\/e-connect.mx\/wp-content\/uploads\/2023\/11\/WhatsApp-Image-2023-07-24-at-18.02.44-225x300.jpeg 225w, https:\/\/e-connect.mx\/wp-content\/uploads\/2023\/11\/WhatsApp-Image-2023-07-24-at-18.02.44-1152x1536.jpeg 1152w, https:\/\/e-connect.mx\/wp-content\/uploads\/2023\/11\/WhatsApp-Image-2023-07-24-at-18.02.44.jpeg 1200w\" sizes=\"auto, (max-width: 768px) 100vw, 768px\" \/><\/figure><\/div>\n\n\n\n<div class=\"wp-block-media-text alignwide is-stacked-on-mobile\" style=\"grid-template-columns:55% auto\"><figure class=\"wp-block-media-text__media\"><img loading=\"lazy\" decoding=\"async\" width=\"1024\" height=\"483\" src=\"https:\/\/e-connect.mx\/wp-content\/uploads\/2023\/02\/solgralhik-1-1024x483.png\" alt=\"\" class=\"wp-image-313 size-full\" srcset=\"https:\/\/e-connect.mx\/wp-content\/uploads\/2023\/02\/solgralhik-1-1024x483.png 1024w, https:\/\/e-connect.mx\/wp-content\/uploads\/2023\/02\/solgralhik-1-300x142.png 300w, https:\/\/e-connect.mx\/wp-content\/uploads\/2023\/02\/solgralhik-1-768x362.png 768w, https:\/\/e-connect.mx\/wp-content\/uploads\/2023\/02\/solgralhik-1.png 1089w\" sizes=\"auto, (max-width: 1024px) 100vw, 1024px\" \/><\/figure><div class=\"wp-block-media-text__content\">\n<p><strong><em>Nuestro compromiso es cumplir con sus expectativas, asegurando sus propiedades y activos por medio de una soluci\u00f3n tecnol\u00f3gica integral.<\/em><\/strong><\/p>\n<\/div><\/div>\n\n\n\n<p><\/p>\n\n\n\n<p><\/p>\n\n\n\n<div class=\"wp-block-media-text alignwide has-media-on-the-right is-stacked-on-mobile is-vertically-aligned-bottom\" style=\"grid-template-columns:auto 29%\"><div class=\"wp-block-media-text__content\">\n<p>.<\/p>\n\n\n\n<p><\/p>\n\n\n\n<p><\/p>\n\n\n\n<p class=\"has-text-align-right\">Nuestras soluciones tecnol\u00f3gicas:<\/p>\n<\/div><figure class=\"wp-block-media-text__media\"><img loading=\"lazy\" decoding=\"async\" width=\"924\" height=\"113\" src=\"https:\/\/e-connect.mx\/wp-content\/uploads\/2023\/02\/ZKTeco_Logotipo-min.png\" alt=\"\" class=\"wp-image-307 size-full\" srcset=\"https:\/\/e-connect.mx\/wp-content\/uploads\/2023\/02\/ZKTeco_Logotipo-min.png 924w, https:\/\/e-connect.mx\/wp-content\/uploads\/2023\/02\/ZKTeco_Logotipo-min-300x37.png 300w, https:\/\/e-connect.mx\/wp-content\/uploads\/2023\/02\/ZKTeco_Logotipo-min-768x94.png 768w\" sizes=\"auto, (max-width: 924px) 100vw, 924px\" \/><\/figure><\/div>\n","protected":false},"excerpt":{"rendered":"<p>La seguridad hoy en d\u00eda es un reto enorme y exigente, muchos de nuestros clientes no solo buscan un sistema de video vigilancia, requieren un concepto de seguridad integral,&nbsp;y en este sentido ofrecemos una experiencia innovadora que incrementa la eficiencia de la gesti\u00f3n para el acceso y la salida de personas o veh\u00edculos en escenarios [&hellip;]<\/p>\n","protected":false},"author":1,"featured_media":0,"parent":0,"menu_order":0,"comment_status":"closed","ping_status":"closed","template":"","meta":{"om_disable_all_campaigns":false,"_mi_skip_tracking":false,"footnotes":""},"class_list":["post-280","page","type-page","status-publish","hentry"],"aioseo_notices":[],"_links":{"self":[{"href":"https:\/\/e-connect.mx\/index.php\/wp-json\/wp\/v2\/pages\/280","targetHints":{"allow":["GET"]}}],"collection":[{"href":"https:\/\/e-connect.mx\/index.php\/wp-json\/wp\/v2\/pages"}],"about":[{"href":"https:\/\/e-connect.mx\/index.php\/wp-json\/wp\/v2\/types\/page"}],"author":[{"embeddable":true,"href":"https:\/\/e-connect.mx\/index.php\/wp-json\/wp\/v2\/users\/1"}],"replies":[{"embeddable":true,"href":"https:\/\/e-connect.mx\/index.php\/wp-json\/wp\/v2\/comments?post=280"}],"version-history":[{"count":20,"href":"https:\/\/e-connect.mx\/index.php\/wp-json\/wp\/v2\/pages\/280\/revisions"}],"predecessor-version":[{"id":347,"href":"https:\/\/e-connect.mx\/index.php\/wp-json\/wp\/v2\/pages\/280\/revisions\/347"}],"wp:attachment":[{"href":"https:\/\/e-connect.mx\/index.php\/wp-json\/wp\/v2\/media?parent=280"}],"curies":[{"name":"wp","href":"https:\/\/api.w.org\/{rel}","templated":true}]}}